{"id":10676,"date":"2026-01-01T20:44:05","date_gmt":"2026-01-01T17:44:05","guid":{"rendered":"https:\/\/space21.org\/kargeh\/"},"modified":"2026-03-02T19:37:23","modified_gmt":"2026-03-02T16:37:23","slug":"kargeh","status":"publish","type":"page","link":"https:\/\/space21.org\/ckb\/kargeh\/","title":{"rendered":"Kargeh"},"content":{"rendered":"<div class=\"fusion-fullwidth fullwidth-box fusion-builder-row-1 fusion-flex-container has-pattern-background has-mask-background nonhundred-percent-fullwidth non-hundred-percent-height-scrolling\" style=\"--awb-border-radius-top-left:0px;--awb-border-radius-top-right:0px;--awb-border-radius-bottom-right:0px;--awb-border-radius-bottom-left:0px;--awb-padding-top:0px;--awb-padding-right:0px;--awb-padding-bottom:0px;--awb-padding-left:0px;--awb-flex-wrap:wrap;\" ><div class=\"fusion-builder-row fusion-row fusion-flex-align-items-flex-start fusion-flex-content-wrap\" style=\"max-width:1300px;margin-left: calc(-4% \/ 2 );margin-right: calc(-4% \/ 2 );\"><div class=\"fusion-layout-column fusion_builder_column fusion-builder-column-0 fusion_builder_column_1_1 1_1 fusion-flex-column\" style=\"--awb-bg-size:cover;--awb-width-large:100%;--awb-margin-top-large:0px;--awb-spacing-right-large:0px;--awb-margin-bottom-large:20px;--awb-spacing-left-large:0px;--awb-width-medium:100%;--awb-order-medium:0;--awb-spacing-right-medium:1.92%;--awb-spacing-left-medium:1.92%;--awb-width-small:100%;--awb-order-small:0;--awb-spacing-right-small:1.92%;--awb-spacing-left-small:1.92%;\" data-scroll-devices=\"small-visibility,medium-visibility,large-visibility\"><div class=\"fusion-column-wrapper fusion-column-has-shadow fusion-flex-justify-content-flex-start fusion-content-layout-column\"><div class=\"fusion-text fusion-text-1\"><p><span data-sheets-root=\"1\">Kargeh SPACE21 ji bo be\u015fdar\u00ean ji her temen\u00ee derfet\u00ean prat\u00eek\u00ee p\u00ea\u015fk\u00ea\u015f dikin da ku bi away\u00ean afir\u00eener \u00fb gih\u00ee\u015ft\u00ee bi deng, guhdar\u00eekirin \u00fb muz\u00eeka ceribandin\u00ee re mij\u00fbl bibin. Kargeh me ji bo p\u00ea\u015fxistina meraq, hevkariy\u00ea \u00fb mezinb\u00fbna huner\u00ee hatine \u00e7\u00eakirin, \u00fb her kes\u00ee p\u00ea\u015fwaz\u00ee dikin, ji ciwan\u00ean ku cara yekem muz\u00eek\u00ea vedib\u00eenin bigire heya hunermend\u00ean xwed\u00ee ezm\u00fbn \u00ean ku li \u00eelhama n\u00fb digerin. Kargeh ku di f\u00earb\u00fbna ezm\u00fbn\u00ee \u00fb tevl\u00eab\u00fbn\u00ea de kok digirin, r\u00eazek fireh \u00e7alakiyan vedikolin, di nav de me\u015f\u00ean guhdar\u00eekirin\u00ea, tomarkirina deng, \u00eemprov\u00eezasyon, bestekirin \u00fb \u00e7\u00eakirina am\u00fbran. Be\u015fdar t\u00eane te\u015fw\u00eeq kirin ku bi raman\u00ean n\u00fb ceribandin\u00ea bikin, hevkariy\u00ea bikin \u00fb n\u00eaz\u00eekatiy\u00ean xwe y\u00ean ji bo hunera deng \u00fb \u00e7\u00eakirina muz\u00eek\u00ea p\u00ea\u015fve bibin. Fokusek sereke ya Kargeh SPACE21 tevl\u00eab\u00fbna ciwanan e. Bi r\u00eaya bernamey\u00ean ciwanan \u00ean taybet\u00ee, em nif\u015f\u00ea p\u00ea\u015feroj\u00ea h\u00eazdar dikin ku bibin afir\u00eener \u00fb guhdar\u00ean \u00e7alak, \u00fb j\u00eahat\u00eeb\u00fbn \u00fb baweriya wan peyda dikin da ku be\u015fdar\u00ee \u00e7anda deng\u00ee ya p\u00ea\u015fkeft\u00ee ya Kurdistan\u00ea bibin. T\u00eema me bi dibistan, navend\u00ean \u00e7and\u00ee \u00fb r\u00eaxistin\u00ean civak\u00ee re ji n\u00eaz ve hevkariy\u00ea dike da ku pi\u015ftrast bike ku atolye gih\u00ee\u015ft\u00ee \u00fb bandorker in. \u00c7i h\u00fbn bi ke\u015ffkirina deng ji bo cara yekem an k\u00fbrkirina prat\u00eeka xwe ya huner\u00ee re eleqedar in, Kargeh SPACE21 haw\u00eerdorek p\u00ea\u015fwaz\u00eekar peyda dikin da ku guhdar\u00ee bikin, biafir\u00eenin \u00fb bi hev ve gir\u00eaday\u00ee bibin. Tevl\u00ee me bibin \u00fb bibin be\u015fek ji civatek d\u00eenam\u00eek ku p\u00ea\u015feroja deng li Kurdistan\u00ea \u015fekil dide.        <\/span><\/p>\n<\/div><\/div><\/div><\/div><\/div>\n","protected":false},"excerpt":{"rendered":"","protected":false},"author":2,"featured_media":10678,"parent":0,"menu_order":0,"comment_status":"closed","ping_status":"closed","template":"100-width.php","meta":{"footnotes":""},"class_list":["post-10676","page","type-page","status-publish","has-post-thumbnail","hentry"],"_links":{"self":[{"href":"https:\/\/space21.org\/ckb\/wp-json\/wp\/v2\/pages\/10676","targetHints":{"allow":["GET"]}}],"collection":[{"href":"https:\/\/space21.org\/ckb\/wp-json\/wp\/v2\/pages"}],"about":[{"href":"https:\/\/space21.org\/ckb\/wp-json\/wp\/v2\/types\/page"}],"author":[{"embeddable":true,"href":"https:\/\/space21.org\/ckb\/wp-json\/wp\/v2\/users\/2"}],"replies":[{"embeddable":true,"href":"https:\/\/space21.org\/ckb\/wp-json\/wp\/v2\/comments?post=10676"}],"version-history":[{"count":0,"href":"https:\/\/space21.org\/ckb\/wp-json\/wp\/v2\/pages\/10676\/revisions"}],"wp:featuredmedia":[{"embeddable":true,"href":"https:\/\/space21.org\/ckb\/wp-json\/wp\/v2\/media\/10678"}],"wp:attachment":[{"href":"https:\/\/space21.org\/ckb\/wp-json\/wp\/v2\/media?parent=10676"}],"curies":[{"name":"wp","href":"https:\/\/api.w.org\/{rel}","templated":true}]}}