{"id":10674,"date":"2026-02-23T23:11:29","date_gmt":"2026-02-23T20:11:29","guid":{"rendered":"https:\/\/space21.org\/%d8%af%db%95%d8%b1%d8%a8%d8%a7%d8%b1%db%95\/"},"modified":"2026-03-02T19:35:19","modified_gmt":"2026-03-02T16:35:19","slug":"%d8%af%db%95%d8%b1%d8%a8%d8%a7%d8%b1%db%95","status":"publish","type":"page","link":"https:\/\/space21.org\/ckb\/%d8%af%db%95%d8%b1%d8%a8%d8%a7%d8%b1%db%95\/","title":{"rendered":"Derbar\u00ea"},"content":{"rendered":"<p><div class=\"fusion-bg-parallax\" data-bg-align=\"center center\" data-direction=\"up\" data-mute=\"false\" data-opacity=\"100\" data-velocity=\"-0.1\" data-mobile-enabled=\"true\" data-break_parents=\"0\" data-bg-image=\"https:\/\/space21.org\/wp-content\/uploads\/2023\/03\/2019-28.jpg\" data-bg-repeat=\"false\" data-bg-color=\"rgba(0,0,0,0.6)\" data-blend-mode=\"multiply\" ><\/div><div class=\"fusion-fullwidth fullwidth-box fusion-builder-row-1 fusion-flex-container has-pattern-background has-mask-background fusion-parallax-up hundred-percent-fullwidth non-hundred-percent-height-scrolling\" style=\"--awb-background-blend-mode:multiply;--awb-border-radius-top-left:0px;--awb-border-radius-top-right:0px;--awb-border-radius-bottom-right:45px;--awb-border-radius-bottom-left:45px;--awb-overflow:hidden;--awb-min-height:35vh;--awb-background-color:rgba(0,0,0,0.6);--awb-background-image:url(&quot;https:\/\/space21.org\/wp-content\/uploads\/2023\/03\/2019-28.jpg&quot;);--awb-background-size:cover;--awb-flex-wrap:wrap;\" data-preload-img=\"https:\/\/space21.org\/wp-content\/uploads\/2023\/03\/2019-28.jpg\" ><div class=\"fusion-builder-row fusion-row fusion-flex-align-items-flex-start fusion-flex-justify-content-center fusion-flex-content-wrap\" style=\"width:104% !important;max-width:104% !important;margin-left: calc(-4% \/ 2 );margin-right: calc(-4% \/ 2 );\"><div class=\"fusion-layout-column fusion_builder_column fusion-builder-column-0 fusion_builder_column_1_1 1_1 fusion-flex-column fusion-flex-align-self-stretch\" style=\"--awb-bg-size:cover;--awb-width-large:100%;--awb-margin-top-large:0px;--awb-spacing-right-large:0px;--awb-margin-bottom-large:0px;--awb-spacing-left-large:0px;--awb-width-medium:100%;--awb-order-medium:0;--awb-spacing-right-medium:1.92%;--awb-spacing-left-medium:1.92%;--awb-width-small:100%;--awb-order-small:0;--awb-spacing-right-small:1.92%;--awb-spacing-left-small:1.92%;\"><div class=\"fusion-column-wrapper fusion-column-has-shadow fusion-flex-justify-content-center fusion-content-layout-column\"><div class=\"fusion-title title fusion-title-1 fusion-title-center fusion-title-text fusion-title-size-three\" style=\"--awb-text-color:var(--awb-color1);--awb-margin-bottom:0px;--awb-margin-top-small:0px;--awb-margin-bottom-small:20px;--awb-font-size:26px;\"><div class=\"title-sep-container title-sep-container-left\"><div class=\"title-sep sep- sep-solid\" style=\"border-color:var(--awb-color3);\"><\/div><\/div><span class=\"awb-title-spacer\"><\/span><h3 class=\"fusion-title-heading title-heading-center fusion-responsive-typography-calculated\" style=\"font-family:var(--awb-typography1-font-family);font-weight:var(--awb-typography1-font-weight);font-style:var(--awb-typography1-font-style);margin:0;letter-spacing:var(--awb-typography1-letter-spacing);text-transform:uppercase;font-size:1em;--fontSize:26;line-height:var(--awb-typography1-line-height);\">Derbar\u00ea<\/h3><span class=\"awb-title-spacer\"><\/span><div class=\"title-sep-container title-sep-container-right\"><div class=\"title-sep sep- sep-solid\" style=\"border-color:var(--awb-color3);\"><\/div><\/div><\/div><\/div><\/div><\/div><\/div><div class=\"fusion-fullwidth fullwidth-box fusion-builder-row-2 fusion-flex-container has-pattern-background has-mask-background nonhundred-percent-fullwidth non-hundred-percent-height-scrolling\" style=\"--awb-border-radius-top-left:0px;--awb-border-radius-top-right:0px;--awb-border-radius-bottom-right:0px;--awb-border-radius-bottom-left:0px;--awb-flex-wrap:nowrap;\" ><div class=\"fusion-builder-row fusion-row fusion-flex-align-items-center fusion-flex-justify-content-center fusion-flex-content-wrap\" style=\"max-width:1300px;margin-left: calc(-4% \/ 2 );margin-right: calc(-4% \/ 2 );\"><div class=\"fusion-layout-column fusion_builder_column fusion-builder-column-1 fusion_builder_column_1_1 1_1 fusion-flex-column fusion-flex-align-self-center\" style=\"--awb-bg-size:cover;--awb-width-large:100%;--awb-margin-top-large:15px;--awb-spacing-right-large:1.92%;--awb-margin-bottom-large:15px;--awb-spacing-left-large:1.92%;--awb-width-medium:100%;--awb-order-medium:0;--awb-spacing-right-medium:1.92%;--awb-spacing-left-medium:1.92%;--awb-width-small:100%;--awb-order-small:0;--awb-spacing-right-small:1.92%;--awb-spacing-left-small:1.92%;\"><div class=\"fusion-column-wrapper fusion-column-has-shadow fusion-flex-justify-content-space-between fusion-content-layout-row\"><div class=\"fusion-text fusion-text-1\" style=\"--awb-font-size:16px;--awb-line-height:1.3;--awb-letter-spacing:1px;--awb-text-transform:none;--awb-text-color:var(--awb-color1);--awb-user-select:none;--awb-text-font-family:&quot;Inder&quot;;--awb-text-font-style:normal;--awb-text-font-weight:400;\"><p style=\"text-align: center;\">SPACE21 li Sil\u00eamaniy\u00ea, Kurdistan\u00ea, muz\u00eeka hemdem, di nav de ceribandin\u00ee, elektron\u00eek, deng, \u00eemprov\u00eezasyona azad, hunera deng \u00fb ar\u015f\u00eev\u00ean deng p\u00ea\u015f dixe. Ji sala 2017an vir ve, SPACE21 p\u00ea\u015fangeh\u00ean deng \u00fb konseran li Sil\u00eaman\u00ee \u00fb bajar\u00ean din li dar dixe, berhem\u00ean hunermend\u00ean her\u00eam\u00ee, netewey\u00ee \u00fb navnetewey\u00ee li qad\u00ean gi\u015ft\u00ee n\u00ee\u015fan dide. V\u00eezyona SPACE21 ew e ku hunera deng ji bo tema\u015fevanan bi veguherandina qad\u00ean gi\u015ft\u00ee bo qad\u00ean huner\u00ee bilind bike. Wek\u00ee din, SPACE21 armanc dike ku perspekt\u00eef\u00ean n\u00fb li ser \u00e7anda jiyana rojane bi r\u00eaya deng vekole. Bi tekez kirina li ser guhdar\u00eekirin\u00ea, SPACE21 hewl dide ku tema\u015fevan bikaribin ezm\u00fbn\u00ean n\u00fb y\u00ean cih\u00ean ku l\u00ea dij\u00een \u00fb dixebitin bi dest bixin, \u00fb t\u00eagih\u00ee\u015ftin\u00ean n\u00fb y\u00ean civaka n\u00fbjen \u00fb dijwar\u00eey\u00ean w\u00ea p\u00ea\u015f bixe. SPACE21 giyan\u00ea Newroz\u00ea &#8211; &#8220;roja n\u00fb&#8221; ya Kurd\u00ee di 21\u00ea Adar\u00ea de &#8211; bi qadeke n\u00fb ji bo guhdar\u00eekirina ceribandin\u00ee re tevlihev dike.   <\/p>\n<\/div><\/div><\/div><\/div><\/div><\/p>\n","protected":false},"excerpt":{"rendered":"","protected":false},"author":1,"featured_media":10675,"parent":0,"menu_order":0,"comment_status":"closed","ping_status":"closed","template":"100-width.php","meta":{"footnotes":""},"class_list":["post-10674","page","type-page","status-publish","has-post-thumbnail","hentry"],"_links":{"self":[{"href":"https:\/\/space21.org\/ckb\/wp-json\/wp\/v2\/pages\/10674","targetHints":{"allow":["GET"]}}],"collection":[{"href":"https:\/\/space21.org\/ckb\/wp-json\/wp\/v2\/pages"}],"about":[{"href":"https:\/\/space21.org\/ckb\/wp-json\/wp\/v2\/types\/page"}],"author":[{"embeddable":true,"href":"https:\/\/space21.org\/ckb\/wp-json\/wp\/v2\/users\/1"}],"replies":[{"embeddable":true,"href":"https:\/\/space21.org\/ckb\/wp-json\/wp\/v2\/comments?post=10674"}],"version-history":[{"count":0,"href":"https:\/\/space21.org\/ckb\/wp-json\/wp\/v2\/pages\/10674\/revisions"}],"wp:featuredmedia":[{"embeddable":true,"href":"https:\/\/space21.org\/ckb\/wp-json\/wp\/v2\/media\/10675"}],"wp:attachment":[{"href":"https:\/\/space21.org\/ckb\/wp-json\/wp\/v2\/media?parent=10674"}],"curies":[{"name":"wp","href":"https:\/\/api.w.org\/{rel}","templated":true}]}}