{"id":10663,"date":"2026-02-23T21:39:25","date_gmt":"2026-02-23T18:39:25","guid":{"rendered":"https:\/\/space21.org\/%d8%a8%db%95%d8%b1%d9%86%d8%a7%d9%85%db%95\/"},"modified":"2026-03-02T19:18:11","modified_gmt":"2026-03-02T16:18:11","slug":"%d8%a8%db%95%d8%b1%d9%86%d8%a7%d9%85%db%95","status":"publish","type":"page","link":"https:\/\/space21.org\/ckb\/%d8%a8%db%95%d8%b1%d9%86%d8%a7%d9%85%db%95\/","title":{"rendered":"\u0628\u06d5\u0631\u0646\u0627\u0645\u06d5"},"content":{"rendered":"<section class=\"fusion-fullwidth fullwidth-box fusion-builder-row-1 fusion-flex-container has-pattern-background has-mask-background nonhundred-percent-fullwidth non-hundred-percent-height-scrolling fusion-animated\" style=\"--awb-border-radius-top-left:0px;--awb-border-radius-top-right:0px;--awb-border-radius-bottom-right:0px;--awb-border-radius-bottom-left:0px;--awb-padding-top:25px;--awb-padding-bottom:25px;--awb-margin-top:80px;--awb-flex-wrap:wrap;\" data-animationType=\"fadeInLeft\" data-animationDuration=\"1.0\" data-animationOffset=\"top-into-view\" ><div class=\"fusion-builder-row fusion-row fusion-flex-align-items-center fusion-flex-justify-content-center fusion-flex-content-wrap\" style=\"max-width:1300px;margin-left: calc(-4% \/ 2 );margin-right: calc(-4% \/ 2 );\"><div class=\"fusion-layout-column fusion_builder_column fusion-builder-column-0 fusion_builder_column_1_1 1_1 fusion-flex-column\" style=\"--awb-column-gap:10%;--awb-bg-size:cover;--awb-width-large:100%;--awb-margin-top-large:0px;--awb-spacing-right-large:1.92%;--awb-margin-bottom-large:0px;--awb-spacing-left-large:1.92%;--awb-width-medium:100%;--awb-order-medium:0;--awb-spacing-right-medium:1.92%;--awb-spacing-left-medium:1.92%;--awb-width-small:100%;--awb-order-small:0;--awb-spacing-right-small:1.92%;--awb-spacing-left-small:1.92%;\"><div class=\"fusion-column-wrapper fusion-column-has-shadow fusion-flex-justify-content-center fusion-content-layout-column\"><div class=\"fusion-title title fusion-title-1 fusion-title-center fusion-title-text fusion-title-size-three fusion-animated\" style=\"--awb-margin-bottom:0px;--awb-margin-top-small:0px;--awb-margin-bottom-small:20px;--awb-font-size:25px;\" data-animationType=\"fadeInLeft\" data-animationDuration=\"0.7\" data-animationDelay=\"0.1\" data-animationOffset=\"top-into-view\"><div class=\"title-sep-container title-sep-container-left\"><div class=\"title-sep sep- sep-solid\" style=\"border-color:var(--awb-color3);\"><\/div><\/div><span class=\"awb-title-spacer\"><\/span><h3 class=\"fusion-title-heading title-heading-center fusion-responsive-typography-calculated\" style=\"font-family:var(--awb-typography2-font-family);font-weight:var(--awb-typography2-font-weight);font-style:var(--awb-typography2-font-style);margin:0;letter-spacing:var(--awb-typography2-letter-spacing);text-transform:var(--awb-typography2-text-transform);font-size:1em;--fontSize:25;line-height:var(--awb-typography2-line-height);\">Cih\u00ean B\u00fbyeran<\/h3><span class=\"awb-title-spacer\"><\/span><div class=\"title-sep-container title-sep-container-right\"><div class=\"title-sep sep- sep-solid\" style=\"border-color:var(--awb-color3);\"><\/div><\/div><\/div><div class=\"fusion-text fusion-text-1\"><div class=\"flex max-w-full flex-col grow\">\n<p style=\"text-align: center;\"><span style=\"text-align: center;\">Her bername cuda ye \u2014 ten\u00ea li w\u00ee cih\u00ee, ten\u00ea di w\u00ea gav\u00ea de.<\/span><\/p>\n<\/div>\n<div class=\"z-0 flex min-h-&#091;46px&#093; justify-start\"><\/div>\n<div class=\"mt-3 w-full empty:hidden\">\n<div class=\"text-center\">\n<div>\n<div class=\"inline-flex border border-gray-100 dark:border-gray-700 rounded-xl\">\n<div class=\"text-token-text-secondary flex items-center justify-center gap-4 px-4 py-2.5 text-sm whitespace-nowrap\"><\/div>\n<\/div>\n<\/div>\n<\/div>\n<\/div>\n<\/div><div class=\"fusion-post-cards fusion-post-cards-1 fusion-grid-archive fusion-grid-columns-1\" style=\"--awb-arrow-size:28px;--awb-arrow-box-width:50px;--awb-arrow-box-height:50px;--awb-arrow-bgcolor:hsla(var(--awb-color4-h),var(--awb-color4-s),var(--awb-color4-l),calc(var(--awb-color4-a) - 50%));--awb-arrow-color:var(--awb-color1);--awb-arrow-hover-bgcolor:hsla(var(--awb-color1-h),var(--awb-color1-s),var(--awb-color1-l),calc(var(--awb-color1-a) - 80%));--awb-arrow-hover-color:var(--awb-color4);--awb-column-spacing:0px;--awb-dots-align:center;--awb-columns:1;--awb-active-filter-border-size:3px;--awb-filters-height:36px;--awb-row-spacing:25px;--awb-columns-medium:100%;--awb-columns-small:100%;\" data-post-type-label=\"events\"><ul class=\"fusion-grid fusion-grid-1 fusion-flex-align-items-center fusion-grid-posts-cards\"><li class=\"fusion-layout-column fusion_builder_column fusion-builder-column-1 fusion-flex-column fusion-column-inner-bg-wrapper post-card fusion-grid-column fusion-post-cards-grid-column\" style=\"--awb-padding-right:5vw;--awb-padding-left:5vw;--awb-padding-right-small:0px;--awb-padding-left-small:0px;--awb-inner-bg-size:cover;--awb-flex-grow:0;--awb-flex-shrink:0;--awb-flex-grow-medium:0;--awb-flex-shrink-medium:0;--awb-flex-grow-small:0;--awb-flex-shrink-small:0;\"><span class=\"fusion-column-inner-bg hover-type-liftup\"><a class=\"fusion-column-anchor\" href=\"https:\/\/space21.org\/ckb\/event\/komxebata-ciwanan\/\"><span class=\"fusion-column-inner-bg-image\"><\/span><\/a><\/span><div class=\"fusion-column-wrapper fusion-flex-justify-content-flex-start fusion-content-layout-block\"><div class=\"fusion-builder-row fusion-builder-row-inner fusion-row fusion-flex-align-items-stretch fusion-flex-align-content-center fusion-flex-justify-content-center fusion-flex-content-wrap\" style=\"--awb-min-height:no;--awb-min-height-medium:no;--awb-min-height-small:no;--awb-flex-wrap:nowrap;--awb-flex-grow:0;--awb-flex-grow-medium:0;--awb-flex-grow-small:0;--awb-flex-shrink:0;--awb-flex-shrink-medium:0;--awb-flex-shrink-small:0;width:104% !important;max-width:104% !important;margin-left: calc(-4% \/ 2 );margin-right: calc(-4% \/ 2 );\"><div class=\"fusion-layout-column fusion_builder_column_inner fusion-builder-nested-column-0 fusion_builder_column_inner_1_4 1_4 fusion-flex-column fusion-flex-align-self-stretch\" style=\"--awb-overflow:hidden;--awb-bg-color:hsla(var(--awb-color3-h),var(--awb-color3-s),var(--awb-color3-l),calc(var(--awb-color3-a) - 30%));--awb-bg-color-hover:hsla(var(--awb-color3-h),var(--awb-color3-s),var(--awb-color3-l),calc(var(--awb-color3-a) - 30%));--awb-bg-position:center center;--awb-bg-blend:multiply;--awb-bg-size:cover;--awb-box-shadow:.5px .5px 25px -15px var(--awb-color1) inset;;--awb-border-radius:15px 15px 15px 15px;--awb-width-large:25%;--awb-margin-top-large:0px;--awb-spacing-right-large:0px;--awb-margin-bottom-large:0px;--awb-spacing-left-large:7.68%;--awb-width-medium:25%;--awb-order-medium:0;--awb-spacing-right-medium:0px;--awb-spacing-left-medium:7.68%;--awb-width-small:33.333333333333%;--awb-order-small:0;--awb-spacing-right-small:0px;--awb-spacing-left-small:5.76%;\"><div class=\"fusion-column-wrapper lazyload fusion-column-has-shadow fusion-flex-justify-content-center fusion-content-layout-column fusion-column-has-bg-image\" data-bg-url=\"https:\/\/space21.org\/wp-content\/uploads\/2026\/01\/SPACE21-Workshop-and-Performance-22_1_Photo-by-NigaSalam-scaled.jpg\" data-bg=\"https:\/\/space21.org\/wp-content\/uploads\/2026\/01\/SPACE21-Workshop-and-Performance-22_1_Photo-by-NigaSalam-scaled.jpg\"><div class=\"fusion-text fusion-text-2 fusion-text-no-margin\" style=\"--awb-content-alignment:center;--awb-font-size:var(--awb-typography2-font-size);--awb-line-height:var(--awb-typography2-line-height);--awb-letter-spacing:var(--awb-typography2-letter-spacing);--awb-text-transform:var(--awb-typography2-text-transform);--awb-text-color:var(--awb-color4);--awb-user-select:none;--awb-margin-top:0px;--awb-margin-right:0px;--awb-margin-bottom:0px;--awb-margin-left:0px;--awb-text-font-family:var(--awb-typography2-font-family);--awb-text-font-weight:var(--awb-typography2-font-weight);--awb-text-font-style:var(--awb-typography2-font-style);\"><p>24\/03<\/p>\n<\/div><div class=\"fusion-meta-tb fusion-meta-tb-1 floated\" style=\"--awb-border-bottom:0px;--awb-border-top:0px;--awb-border-left:0px;--awb-border-right:0px;--awb-item-border-bottom:0px;--awb-item-border-top:0px;--awb-item-border-left:0px;--awb-item-border-right:0px;--awb-item-border-radius-top-left:0px;--awb-item-border-radius-top-right:0px;--awb-item-border-radius-bottom-right:0px;--awb-item-border-radius-bottom-left:0px;--awb-item-padding-top:0px;--awb-item-padding-bottom:0px;--awb-item-padding-left:0px;--awb-item-padding-right:0px;--awb-item-margin-top:0px;--awb-item-margin-bottom:0px;--awb-item-margin-left:0px;--awb-item-margin-right:0px;--awb-height:0px;--awb-font-size:14px;--awb-margin-bottom:0px;--awb-margin-left:0px;--awb-margin-right:0px;--awb-margin-top:-10px;--awb-padding-bottom:0px;--awb-padding-left:0px;--awb-padding-right:0px;--awb-padding-top:0px;--awb-border-color:hsla(var(--awb-color1-h),var(--awb-color1-s),var(--awb-color1-l),calc(var(--awb-color1-a) - 80%));--awb-alignment:center;--awb-alignment-medium:center;--awb-alignment-small:center;\"><span class=\"fusion-tb-categories\"><a href=\"https:\/\/space21.org\/ckb\/unregistered\/category\/kargeh\/\" rel=\"tag\">Kargeh<\/a><\/span><span class=\"fusion-meta-tb-sep\"><\/span><\/div><\/div><\/div><div class=\"fusion-layout-column fusion_builder_column_inner fusion-builder-nested-column-1 fusion_builder_column_inner_3_4 3_4 fusion-flex-column\" style=\"--awb-bg-size:cover;--awb-border-color:hsla(var(--awb-color1-h),var(--awb-color1-s),var(--awb-color1-l),calc(var(--awb-color1-a) - 80%));--awb-border-style:dashed;--awb-width-large:75%;--awb-margin-top-large:0px;--awb-spacing-right-large:2.56%;--awb-margin-bottom-large:0px;--awb-spacing-left-large:2.56%;--awb-width-medium:80%;--awb-order-medium:0;--awb-spacing-right-medium:2.4%;--awb-spacing-left-medium:2.4%;--awb-width-small:66.666666666667%;--awb-order-small:0;--awb-spacing-right-small:2.88%;--awb-spacing-left-small:2.88%;\"><div class=\"fusion-column-wrapper fusion-column-has-shadow fusion-flex-justify-content-flex-start fusion-content-layout-row\"><div class=\"fusion-title title fusion-title-2 fusion-title-text fusion-title-size-three\" style=\"--awb-text-color:var(--awb-color4);--awb-margin-bottom:2px;--awb-margin-top-small:0px;--awb-margin-bottom-small:2px;--awb-margin-bottom-medium:2px;--awb-font-size:var(--awb-typography2-font-size);\"><div class=\"title-sep-container title-sep-container-left fusion-no-large-visibility fusion-no-medium-visibility fusion-no-small-visibility\"><div class=\"title-sep sep- sep-solid\" style=\"border-color:var(--awb-color3);\"><\/div><\/div><span class=\"awb-title-spacer fusion-no-large-visibility fusion-no-medium-visibility fusion-no-small-visibility\"><\/span><h3 class=\"fusion-title-heading title-heading-left fusion-responsive-typography-calculated\" style=\"font-family:var(--awb-typography2-font-family);font-weight:var(--awb-typography2-font-weight);font-style:var(--awb-typography2-font-style);margin:0;letter-spacing:var(--awb-typography2-letter-spacing);text-transform:var(--awb-typography2-text-transform);font-size:1em;--fontSize:18;--minFontSize:18;line-height:var(--awb-typography2-line-height);\">Kargeh Ciwanan<\/h3><span class=\"awb-title-spacer\"><\/span><div class=\"title-sep-container title-sep-container-right\"><div class=\"title-sep sep- sep-solid\" style=\"border-color:var(--awb-color3);\"><\/div><\/div><\/div><div class=\"fusion-content-tb fusion-content-tb-1\" style=\"--awb-font-size:14px;--awb-letter-spacing:var(--awb-typography4-letter-spacing);--awb-line-height:var(--awb-typography4-line-height);--awb-text-transform:var(--awb-typography4-text-transform);--awb-text-font-family:var(--awb-typography4-font-family);--awb-text-font-weight:var(--awb-typography4-font-weight);--awb-text-font-style:var(--awb-typography4-font-style);\"><p>Wek\u00ee be\u015fek ji 10em\u00een Fest\u00eevala SPACE21 li Sil\u00eamaniy\u00ea, Komxebata Ciwanan prat\u00eeka deng bi hi\u015fmendiya j\u00eengeh\u00ea, ramana arkeoloj\u00eek \u00fb t\u00eagih\u00ee\u015ftina m\u00eemar\u00ee ve gir\u00eadide, \u00fb dih\u00eale ku [...]<\/p><\/div><div class=\"fusion-text fusion-text-3 fusion-text-no-margin\" style=\"--awb-font-size:var(--awb-typography2-font-size);--awb-line-height:var(--awb-typography2-line-height);--awb-letter-spacing:var(--awb-typography2-letter-spacing);--awb-text-transform:var(--awb-typography2-text-transform);--awb-text-color:var(--awb-color4);--awb-margin-bottom:0px;--awb-text-font-family:var(--awb-typography2-font-family);--awb-text-font-weight:var(--awb-typography2-font-weight);--awb-text-font-style:var(--awb-typography2-font-style);\"><p>11:00 AM<\/p>\n<\/div><\/div><\/div><\/div><\/div><div class=\"fusion-separator fusion-full-width-sep fusion-absolute-separator fusion-align-center fusion-single-px\" style=\"width:100%;max-width:100%;\"><div class=\"fusion-separator-border sep-single sep-solid\" style=\"--awb-height:20px;--awb-amount:20px;--awb-sep-color:hsla(var(--awb-color1-h),var(--awb-color1-s),var(--awb-color1-l),calc(var(--awb-color1-a) - 80%));border-color:hsla(var(--awb-color1-h),var(--awb-color1-s),var(--awb-color1-l),calc(var(--awb-color1-a) - 80%));border-top-width:1px;\"><\/div><\/div><\/li>\n<\/ul><div class=\"pagination clearfix\"><\/div><div class=\"fusion-clearfix\"><\/div><\/div><\/div><\/div><\/div><\/section>\n","protected":false},"excerpt":{"rendered":"","protected":false},"author":2,"featured_media":0,"parent":0,"menu_order":0,"comment_status":"closed","ping_status":"closed","template":"100-width.php","meta":{"footnotes":""},"class_list":["post-10663","page","type-page","status-publish","hentry"],"_links":{"self":[{"href":"https:\/\/space21.org\/ckb\/wp-json\/wp\/v2\/pages\/10663","targetHints":{"allow":["GET"]}}],"collection":[{"href":"https:\/\/space21.org\/ckb\/wp-json\/wp\/v2\/pages"}],"about":[{"href":"https:\/\/space21.org\/ckb\/wp-json\/wp\/v2\/types\/page"}],"author":[{"embeddable":true,"href":"https:\/\/space21.org\/ckb\/wp-json\/wp\/v2\/users\/2"}],"replies":[{"embeddable":true,"href":"https:\/\/space21.org\/ckb\/wp-json\/wp\/v2\/comments?post=10663"}],"version-history":[{"count":0,"href":"https:\/\/space21.org\/ckb\/wp-json\/wp\/v2\/pages\/10663\/revisions"}],"wp:attachment":[{"href":"https:\/\/space21.org\/ckb\/wp-json\/wp\/v2\/media?parent=10663"}],"curies":[{"name":"wp","href":"https:\/\/api.w.org\/{rel}","templated":true}]}}