{"id":10653,"date":"2025-12-23T11:48:04","date_gmt":"2025-12-23T08:48:04","guid":{"rendered":"https:\/\/space21.org\/%d9%be%d8%a7%d8%b1%d8%a7%d8%b3%d8%aa%d9%86%db%8c-%d8%b2%d8%a7%d9%86%db%8c%d8%a7%d8%b1%db%8c\/"},"modified":"2026-03-02T19:41:06","modified_gmt":"2026-03-02T16:41:06","slug":"%d9%be%d8%a7%d8%b1%d8%a7%d8%b3%d8%aa%d9%86%db%8c-%d8%b2%d8%a7%d9%86%db%8c%d8%a7%d8%b1%db%8c","status":"publish","type":"page","link":"https:\/\/space21.org\/ckb\/%d9%be%d8%a7%d8%b1%d8%a7%d8%b3%d8%aa%d9%86%db%8c-%d8%b2%d8%a7%d9%86%db%8c%d8%a7%d8%b1%db%8c\/","title":{"rendered":"Parastin\u00ea Zanyar\u00ee"},"content":{"rendered":"<div class=\"fusion-fullwidth fullwidth-box fusion-builder-row-1 fusion-flex-container has-pattern-background has-mask-background nonhundred-percent-fullwidth non-hundred-percent-height-scrolling\" style=\"--awb-border-radius-top-left:0px;--awb-border-radius-top-right:0px;--awb-border-radius-bottom-right:0px;--awb-border-radius-bottom-left:0px;--awb-margin-top:0px;--awb-margin-bottom:0px;--awb-flex-wrap:wrap;\" ><div class=\"fusion-builder-row fusion-row fusion-flex-align-items-flex-start fusion-flex-content-wrap\" style=\"max-width:1300px;margin-left: calc(-4% \/ 2 );margin-right: calc(-4% \/ 2 );\"><div class=\"fusion-layout-column fusion_builder_column fusion-builder-column-0 fusion_builder_column_1_1 1_1 fusion-flex-column\" style=\"--awb-padding-top:131px;--awb-bg-size:cover;--awb-width-large:100%;--awb-margin-top-large:0px;--awb-spacing-right-large:1.92%;--awb-margin-bottom-large:20px;--awb-spacing-left-large:1.92%;--awb-width-medium:100%;--awb-order-medium:0;--awb-spacing-right-medium:1.92%;--awb-spacing-left-medium:1.92%;--awb-width-small:100%;--awb-order-small:0;--awb-spacing-right-small:1.92%;--awb-spacing-left-small:1.92%;\"><div class=\"fusion-column-wrapper fusion-column-has-shadow fusion-flex-justify-content-flex-start fusion-content-layout-column\"><div class=\"fusion-text fusion-text-1\"><p>Galeriya Deng a SPACE21 (\u201cSPACE21\u201d, \u201cem\u201d, \u201cya \u200b\u200bme\u201d, \u201cme\u201d) pabend e ku r\u00eaz li nepeniya we bigire \u00fb bipar\u00eaze. Em galeriyek deng a b\u00eaqezenc in ku li Sil\u00eamaniy\u00ea, Her\u00eama Kurdistana Iraq\u00ea ye, \u00fb ji bo l\u00eakol\u00eena hunera deng, muz\u00eeka hemdem \u00fb p\u00ea\u015fxistina diyaloga afir\u00eener bi r\u00eaya fest\u00eeval, atolyeyan, ni\u015ftecihb\u00fbnan, l\u00eakol\u00een \u00fb projey\u00ean civak\u00ee hatiye veqetandin. Ev pol\u00eet\u00eeka rave dike ka em \u00e7awa daney\u00ean we y\u00ean kesane di t\u00eakiliya bi \u00e7alakiy\u00ean me y\u00ean \u00e7and\u00ee \u00fb huner\u00ee de bi kar t\u00eenin.  <\/p>\n<p>Em K\u00ee ne: SPACE21 galeriyeke deng\u00ee ya b\u00eaqezenc e li Sil\u00eaman\u00ee, Her\u00eama Kurdistana Iraq\u00ea. Em ne r\u00eaxistineke berhevkirina maf\u00ean qraliyet\u00ea ne an j\u00ee r\u00eaveberiya maf\u00ean mirovan in. Bala me li ser pi\u015ftgir\u00eekirina ceribandina deng\u00ee, dan\u00fbstandina huner\u00ee \u00fb tevl\u00eab\u00fbna civak\u00ea ye.  <\/p>\n<p>Agahiy\u00ean Kesane y\u00ean ku Em Berhev Dikin: Em dikarin van celeb\u00ean daney\u00ean kesane y\u00ean j\u00ear\u00een berhev bikin \u00fb p\u00eavajo bikin, bi s\u00eenorkir\u00ee bi ti\u015ft\u00ean ku ji bo bernamey\u00ean me y\u00ean huner\u00ee \u00fb civak\u00ee p\u00eaw\u00eest in: Agahiy\u00ean Nasnamey\u00ea: Nav\u00ea tevah\u00ee, netewe, \u00fb (eger t\u00eakildar be) nav\u00ea hunermend. Agahiy\u00ean T\u00eakiliy\u00ea: Navn\u00ee\u015fana e-namey\u00ea, jimara telefon\u00ea, \u00fb navn\u00ee\u015fana f\u00eez\u00eek\u00ee.  Agahiy\u00ean Be\u015fdarb\u00fbn\u00ea: Agahiy\u00ean ku h\u00fbn dema serl\u00eadan an be\u015fdarb\u00fbna di b\u00fbyer, komxebat, an j\u00ee r\u00fbni\u015ftin\u00ean me de peyda dikin.<\/p>\n<p>Parvekirina Daney\u00ean We: Em daney\u00ean we y\u00ean kesane nafiro\u015fin \u00fb kir\u00ea nakin. Em dikarin daney\u00ean we bi dab\u00eenker\u00ean kar\u00fbbar\u00ean p\u00eabawer re (wek platform\u00ean n\u00fb\u00e7enameya e-namey\u00ea an kar\u00fbbar\u00ean qeydkirina b\u00fbyeran) ten\u00ea ji bo armanca bir\u00eavebirina bernamey\u00ean xwe parve bikin. Ger ji h\u00eala qan\u00fbn\u00ee ve were xwestin, em dikarin agahdariy\u00ea bi rayedaran re parve bikin.  <\/p>\n<p>Veguhestina Daney\u00ean Navnetewey\u00ee: Ger em daneyan li dervey\u00ee Her\u00eama Kurdistana Iraq\u00ea veguhez\u00eenin (bo nim\u00fbne, bi karan\u00eena platform\u00ean d\u00eej\u00eetal \u00ean navnetewey\u00ee), em \u00ea li gor\u00ee standard\u00ean p\u00eawend\u00eedar gavan bav\u00eajin da ku nepeniya we bipar\u00eazin.<\/p>\n<p>Parastina Daneyan: Em daney\u00ean we ten\u00ea heya ku ji bo armanca berhevkirin\u00ea p\u00eaw\u00eest be dipar\u00eazin: Daney\u00ean serl\u00eadan \u00fb be\u015fdarb\u00fbn\u00ea: Ji bo dema projeya an \u00e7alakiya t\u00eakildar t\u00eane parastin. Daney\u00ean n\u00fb\u00e7ename \u00fb t\u00eakiliy\u00ea: Heta ku h\u00fbn abonetiy\u00ea betal bikin an j\u00ee daxwaza j\u00eabirin\u00ea bikin.  Agahdar\u00ee \u00fb anal\u00eet\u00eek\u00ean malper\u00ea: Heta 2 salan<\/p>\n<p>Maf\u00ean Te: Maf\u00ea te heye ku: Daxwaza rastkirin\u00ea bik\u00ee. Daxwaza j\u00eabirin\u00ea bik\u00ee (eger ji h\u00eala qan\u00fbn\u00ee ve mimkun be).  Rizamendiya xwe veki\u015f\u00eene (eger p\u00eakan be)<\/p>\n<p>Ewleh\u00ee: Em tedb\u00eer\u00ean ewlehiy\u00ea y\u00ean maq\u00fbl bikar t\u00eenin da ku daney\u00ean we bipar\u00eazin, di nav de hilan\u00eena d\u00eej\u00eetal \u00fb ragihandina ewledar<\/p>\n<p>K\u00fbk\u00ee: Em ji bo pi\u015ftgiriya fonksiyon \u00fb anal\u00eet\u00eek\u00ean malper\u00ea k\u00fbkiyan bi kar t\u00eenin. Ji bo b\u00eatir agahdar\u00ee ji kerema xwe li [Siyaseta K\u00fbkiyan] ya me bin\u00earin. <\/p>\n<p>T\u00eakil\u00ee bi me re: Ji bo pirs\u00ean li ser v\u00ea siyaset\u00ea an maf\u00ean we y\u00ean nepen\u00eetiy\u00ea. Ji kerema xwe li j\u00ear e-nameyek bi\u015f\u00eenin. <\/p>\n<div>privacy@space21.org<\/div>\n<div><\/div>\n<div>Effective Date: 01 January 2026<\/div>\n<\/div><\/div><\/div><\/div><\/div>\n","protected":false},"excerpt":{"rendered":"","protected":false},"author":2,"featured_media":10644,"parent":0,"menu_order":0,"comment_status":"closed","ping_status":"closed","template":"","meta":{"footnotes":""},"class_list":["post-10653","page","type-page","status-publish","has-post-thumbnail","hentry"],"_links":{"self":[{"href":"https:\/\/space21.org\/ckb\/wp-json\/wp\/v2\/pages\/10653","targetHints":{"allow":["GET"]}}],"collection":[{"href":"https:\/\/space21.org\/ckb\/wp-json\/wp\/v2\/pages"}],"about":[{"href":"https:\/\/space21.org\/ckb\/wp-json\/wp\/v2\/types\/page"}],"author":[{"embeddable":true,"href":"https:\/\/space21.org\/ckb\/wp-json\/wp\/v2\/users\/2"}],"replies":[{"embeddable":true,"href":"https:\/\/space21.org\/ckb\/wp-json\/wp\/v2\/comments?post=10653"}],"version-history":[{"count":0,"href":"https:\/\/space21.org\/ckb\/wp-json\/wp\/v2\/pages\/10653\/revisions"}],"wp:featuredmedia":[{"embeddable":true,"href":"https:\/\/space21.org\/ckb\/wp-json\/wp\/v2\/media\/10644"}],"wp:attachment":[{"href":"https:\/\/space21.org\/ckb\/wp-json\/wp\/v2\/media?parent=10653"}],"curies":[{"name":"wp","href":"https:\/\/api.w.org\/{rel}","templated":true}]}}