{"id":10643,"date":"2026-01-01T20:46:01","date_gmt":"2026-01-01T17:46:01","guid":{"rendered":"https:\/\/space21.org\/festival\/"},"modified":"2026-03-02T19:18:10","modified_gmt":"2026-03-02T16:18:10","slug":"festival","status":"publish","type":"page","link":"https:\/\/space21.org\/ckb\/festival\/","title":{"rendered":"Fest\u00eeval"},"content":{"rendered":"<div class=\"fusion-fullwidth fullwidth-box fusion-builder-row-1 fusion-flex-container has-pattern-background has-mask-background nonhundred-percent-fullwidth non-hundred-percent-height-scrolling\" style=\"--awb-border-radius-top-left:0px;--awb-border-radius-top-right:0px;--awb-border-radius-bottom-right:0px;--awb-border-radius-bottom-left:0px;--awb-padding-top:0px;--awb-padding-right:0px;--awb-padding-bottom:0px;--awb-padding-left:0px;--awb-flex-wrap:wrap;\" ><div class=\"fusion-builder-row fusion-row fusion-flex-align-items-flex-start fusion-flex-content-wrap\" style=\"max-width:1300px;margin-left: calc(-4% \/ 2 );margin-right: calc(-4% \/ 2 );\"><div class=\"fusion-layout-column fusion_builder_column fusion-builder-column-0 fusion_builder_column_1_1 1_1 fusion-flex-column\" style=\"--awb-bg-size:cover;--awb-width-large:100%;--awb-margin-top-large:0px;--awb-spacing-right-large:0px;--awb-margin-bottom-large:20px;--awb-spacing-left-large:0px;--awb-width-medium:100%;--awb-order-medium:0;--awb-spacing-right-medium:1.92%;--awb-spacing-left-medium:1.92%;--awb-width-small:100%;--awb-order-small:0;--awb-spacing-right-small:1.92%;--awb-spacing-left-small:1.92%;\" data-scroll-devices=\"small-visibility,medium-visibility,large-visibility\"><div class=\"fusion-column-wrapper fusion-column-has-shadow fusion-flex-justify-content-flex-start fusion-content-layout-column\"><div class=\"fusion-text fusion-text-1\"><p style=\"text-align: center;\"><span data-sheets-root=\"1\">Fest\u00eevala SPACE21 ji bo ke\u015ffkirin, p\u00eerozkirin \u00fb berfirehkirina peyzaja deng\u00ee ya Kurdistan\u00ea bi r\u00eaya muz\u00eeka ceribandin\u00ee, hunera deng\u00ee \u00fb ezm\u00fbn\u00ean guhdar\u00eekirin\u00ea y\u00ean binav\u00fbdeng hatiye veqetandin. M\u00eesyona me ew e ku platformek zind\u00ee biafir\u00eenin ku hunermend, tema\u015fevan \u00fb civak t\u00ea de bicivin da ku bi away\u00ean n\u00fbjen \u00fb watedar bi deng re mij\u00fbl bibin. Em hem c\u00eeh\u00ean d\u00eerok\u00ee \u00fb hem j\u00ee y\u00ean hemdem li seranser\u00ea baj\u00ear vediguher\u00eenin navend\u00ean afir\u00eener, m\u00eerateya dewlemend a m\u00eemar\u00ee \u00fb \u00e7and\u00ee ya Kurdistan\u00ea bi \u00eemkan\u00ean n\u00fb y\u00ean deng\u00ee \u00e7alak dikin. Bi ron\u00eekirina gir\u00eengiya ar\u015f\u00eev\u00ean deng\u00ee, p\u00ea\u015fxistina be\u015fdariya ciwanan \u00fb te\u015fw\u00eeqkirina hevkariya di navbera d\u00ees\u00eepl\u00eenan de, SPACE21 pabend e ku m\u00eerateya deng\u00ee ya Kurd\u00ee bipar\u00eaze di heman dem\u00ea de \u00eelhama form\u00ean n\u00fb y\u00ean \u00eefadeya huner\u00ee bide. Bi bernamey\u00ean me &#8211; ji performans\u00ean taybet\u00ee y\u00ean cih\u00ea \u00fb me\u015f\u00ean guhdar\u00eekirin\u00ea bigire heya atolyeyan \u00fb p\u00ea\u015fangeh\u00ean \u00eenterakt\u00eef &#8211; em armanc dikin ku piran di navbera nif\u015fan, \u00e7andan \u00fb d\u00ees\u00eepl\u00eenan de ava bikin. Fest\u00eevala SPACE21 pi\u015ftrast dike ku deng \u00fb \u00e7\u00eerok\u00ean Kurdistan\u00ea berdewam dikin, rabird\u00fby\u00ea bi niha ve gir\u00eadidin \u00fb p\u00ea\u015feroja deng\u00ee ji bo nif\u015f\u00ean p\u00ea\u015feroj\u00ea \u015fekil didin.     <\/span><\/p>\n<\/div><\/div><\/div><\/div><\/div>\n","protected":false},"excerpt":{"rendered":"","protected":false},"author":2,"featured_media":10645,"parent":0,"menu_order":0,"comment_status":"closed","ping_status":"closed","template":"100-width.php","meta":{"footnotes":""},"class_list":["post-10643","page","type-page","status-publish","has-post-thumbnail","hentry"],"_links":{"self":[{"href":"https:\/\/space21.org\/ckb\/wp-json\/wp\/v2\/pages\/10643","targetHints":{"allow":["GET"]}}],"collection":[{"href":"https:\/\/space21.org\/ckb\/wp-json\/wp\/v2\/pages"}],"about":[{"href":"https:\/\/space21.org\/ckb\/wp-json\/wp\/v2\/types\/page"}],"author":[{"embeddable":true,"href":"https:\/\/space21.org\/ckb\/wp-json\/wp\/v2\/users\/2"}],"replies":[{"embeddable":true,"href":"https:\/\/space21.org\/ckb\/wp-json\/wp\/v2\/comments?post=10643"}],"version-history":[{"count":0,"href":"https:\/\/space21.org\/ckb\/wp-json\/wp\/v2\/pages\/10643\/revisions"}],"wp:featuredmedia":[{"embeddable":true,"href":"https:\/\/space21.org\/ckb\/wp-json\/wp\/v2\/media\/10645"}],"wp:attachment":[{"href":"https:\/\/space21.org\/ckb\/wp-json\/wp\/v2\/media?parent=10643"}],"curies":[{"name":"wp","href":"https:\/\/api.w.org\/{rel}","templated":true}]}}