{"id":10642,"date":"2024-11-13T23:14:50","date_gmt":"2024-11-13T20:14:50","guid":{"rendered":"https:\/\/space21.org\/%d8%a8%da%b5%d8%a7%d9%88%da%a9%d8%b1%d8%a7%d9%88%db%95\/"},"modified":"2026-03-02T19:54:30","modified_gmt":"2026-03-02T16:54:30","slug":"%d8%a8%da%b5%d8%a7%d9%88%da%a9%d8%b1%d8%a7%d9%88%db%95","status":"publish","type":"page","link":"https:\/\/space21.org\/ckb\/%d8%a8%da%b5%d8%a7%d9%88%da%a9%d8%b1%d8%a7%d9%88%db%95\/","title":{"rendered":"belavker"},"content":{"rendered":"<div class=\"fusion-fullwidth fullwidth-box fusion-builder-row-1 fusion-flex-container has-pattern-background has-mask-background nonhundred-percent-fullwidth non-hundred-percent-height-scrolling\" style=\"--awb-border-radius-top-left:0px;--awb-border-radius-top-right:0px;--awb-border-radius-bottom-right:0px;--awb-border-radius-bottom-left:0px;--awb-padding-top:0px;--awb-padding-right:0px;--awb-padding-bottom:0px;--awb-padding-left:0px;--awb-flex-wrap:wrap;\" ><div class=\"fusion-builder-row fusion-row fusion-flex-align-items-flex-start fusion-flex-content-wrap\" style=\"max-width:1300px;margin-left: calc(-4% \/ 2 );margin-right: calc(-4% \/ 2 );\"><div class=\"fusion-layout-column fusion_builder_column fusion-builder-column-0 fusion_builder_column_1_1 1_1 fusion-flex-column\" style=\"--awb-bg-size:cover;--awb-width-large:100%;--awb-margin-top-large:0px;--awb-spacing-right-large:0px;--awb-margin-bottom-large:20px;--awb-spacing-left-large:0px;--awb-width-medium:100%;--awb-order-medium:0;--awb-spacing-right-medium:1.92%;--awb-spacing-left-medium:1.92%;--awb-width-small:100%;--awb-order-small:0;--awb-spacing-right-small:1.92%;--awb-spacing-left-small:1.92%;\" data-scroll-devices=\"small-visibility,medium-visibility,large-visibility\"><div class=\"fusion-column-wrapper fusion-column-has-shadow fusion-flex-justify-content-flex-start fusion-content-layout-column\"><div class=\"fusion-text fusion-text-1\"><p style=\"text-align: center;\"><span data-sheets-root=\"1\">SPACE21 Label materyal\u00ean deng, v\u00eedyo \u00fb \u00e7apkir\u00ee diwe\u015f\u00eene ku ruh\u00ea hunera ceribandin\u00ee \u00fb l\u00eager\u00eena deng\u00ee li Kurdistan\u00ea \u00fb dervey\u00ee w\u00ea n\u00ee\u015fan dide. Et\u00eeketa me berhem\u00ean hunermend\u00ean her\u00eam\u00ee \u00fb navnetewey\u00ee n\u00ee\u015fan dide, \u00fb hilbijartinek ji alb\u00fbm, tomar, f\u00eelm, pirt\u00fbk\u00ean hunermendan \u00fb \u00e7ap\u00ean taybet p\u00ea\u015fk\u00ea\u015f dike ku enerjiya afir\u00eener a civaka SPACE21 n\u00ee\u015fan dide. Her ti\u015ft\u00ea ku li ser r\u00fbpela Berhem\u00ean SPACE21 heye rasterast pi\u015ftgiriy\u00ea dide projey\u00ean me y\u00ean berdewam, atolyeyan \u00fb destp\u00ea\u015fxeriy\u00ean civak\u00ee. Bi kir\u00eena ji et\u00eeketa me, h\u00fbn ne ten\u00ea gih\u00ee\u015ftina afirandin\u00ean huner\u00ee y\u00ean b\u00eahempa dist\u00eenin, l\u00ea di heman dem\u00ea de be\u015fdar\u00ee mezinb\u00fbn \u00fb domdariya prat\u00eek\u00ean deng \u00fb huner\u00ea y\u00ean ceribandin\u00ee li her\u00eam\u00ea dibin. Ved\u00eetin, guhdar\u00eekirin \u00fb berhevkirin &#8211; pi\u015ftgiriya we al\u00eekariya SPACE21 dike ku di navbera hunermend, tema\u015fevan \u00fb \u00eemkan\u00ean n\u00fb di deng \u00fb \u00e7and\u00ea de piran ava bike.   <\/span><\/p>\n<\/div><\/div><\/div><\/div><\/div>\n","protected":false},"excerpt":{"rendered":"","protected":false},"author":1,"featured_media":10644,"parent":0,"menu_order":0,"comment_status":"closed","ping_status":"closed","template":"100-width.php","meta":{"footnotes":""},"class_list":["post-10642","page","type-page","status-publish","has-post-thumbnail","hentry"],"_links":{"self":[{"href":"https:\/\/space21.org\/ckb\/wp-json\/wp\/v2\/pages\/10642","targetHints":{"allow":["GET"]}}],"collection":[{"href":"https:\/\/space21.org\/ckb\/wp-json\/wp\/v2\/pages"}],"about":[{"href":"https:\/\/space21.org\/ckb\/wp-json\/wp\/v2\/types\/page"}],"author":[{"embeddable":true,"href":"https:\/\/space21.org\/ckb\/wp-json\/wp\/v2\/users\/1"}],"replies":[{"embeddable":true,"href":"https:\/\/space21.org\/ckb\/wp-json\/wp\/v2\/comments?post=10642"}],"version-history":[{"count":0,"href":"https:\/\/space21.org\/ckb\/wp-json\/wp\/v2\/pages\/10642\/revisions"}],"wp:featuredmedia":[{"embeddable":true,"href":"https:\/\/space21.org\/ckb\/wp-json\/wp\/v2\/media\/10644"}],"wp:attachment":[{"href":"https:\/\/space21.org\/ckb\/wp-json\/wp\/v2\/media?parent=10642"}],"curies":[{"name":"wp","href":"https:\/\/api.w.org\/{rel}","templated":true}]}}